{"id":87,"date":"2021-12-08T00:47:15","date_gmt":"2021-12-07T23:47:15","guid":{"rendered":"https:\/\/playaltyria.fr\/?page_id=87"},"modified":"2023-08-30T19:25:55","modified_gmt":"2023-08-30T17:25:55","slug":"telechargement-et-instructions-dinstallation-mac","status":"publish","type":"page","link":"https:\/\/playaltyria.fr\/index.php\/telechargement-et-instructions-dinstallation-mac\/","title":{"rendered":"T\u00e9l\u00e9chargement et instructions d&rsquo;installation (MAC)"},"content":{"rendered":"\n<h2 class=\"wp-block-heading\">\u00c0 lire imp\u00e9rativement<\/h2>\n\n\n\n<p class=\"has-vivid-red-color has-text-color\"><strong>La version MAC des Chroniques d&rsquo;Altyria n\u00e9cessite d&rsquo;\u00eatre install\u00e9e d&rsquo;une mani\u00e8re particuli\u00e8re afin de fonctionner correctement.<\/strong><\/p>\n\n\n\n<p>\u26a0 Si vous ne suivez pas les instructions ci-apr\u00e8s, il vous sera impossible de sauvegarder la partie ou m\u00eame d&rsquo;ouvrir le jeu.<\/p>\n\n\n\n<h2 class=\"wp-block-heading\">Instructions d\u00e9taill\u00e9es<\/h2>\n\n\n\n<h3 class=\"wp-block-heading\">Lien de t\u00e9l\u00e9chargement<\/h3>\n\n\n\n<p>Tout d&rsquo;abord, veuillez t\u00e9l\u00e9charger Les Chroniques d&rsquo;Altyria en cliquant sur le bouton ci-dessous. <\/p>\n\n\n\n<p>Puis, lisez attentivement les instructions situ\u00e9es apr\u00e8s.<\/p>\n\n\n\n<div class=\"wp-block-buttons is-layout-flex wp-block-buttons-is-layout-flex\">\n<div class=\"wp-block-button\"><a class=\"wp-block-button__link has-black-background-color has-background wp-element-button\" href=\"https:\/\/www.mediafire.com\/file\/ebqnppx1bhv0bt8\/Les_Chroniques_d_Altyria.dmg\/file\" target=\"_blank\" rel=\"noreferrer noopener\">T\u00e9l\u00e9charger (DMG)<\/a><\/div>\n<\/div>\n\n\n\n<div style=\"height:15px\" aria-hidden=\"true\" class=\"wp-block-spacer\"><\/div>\n\n\n\n<h3 class=\"wp-block-heading\">Ouverture du fichier .dmg<\/h3>\n\n\n\n<p>Une fois le fichier .dmg t\u00e9l\u00e9charg\u00e9, il devrait appara\u00eetre dans le dossier \u00ab\u00a0T\u00e9l\u00e9chargements\u00a0\u00bb de votre MAC.<\/p>\n\n\n\n<ul class=\"wp-block-list\">\n<li>Ouvrez le fichier .dmg en ouvrant le menu contextuel (double clique) et en s\u00e9lectionnant \u00ab\u00a0Ouvrir\u00a0\u00bb. Cela permet de forcer MacOS \u00e0 ouvrir le fichier m\u00eame s&rsquo;il est indiqu\u00e9 qu&rsquo;il n&rsquo;est pas possible de \u00ab\u00a0v\u00e9rifier le d\u00e9veloppeur de l&rsquo;application\u00a0\u00bb.<\/li>\n<\/ul>\n\n\n\n<ul class=\"wp-block-list\">\n<li>Une fois le fichier .dmg ouvert, celui-ci doit contenir deux autres fichiers (voir capture d&rsquo;\u00e9cran ci-dessous) : <\/li>\n<\/ul>\n\n\n\n<p><\/p>\n\n\n\n<figure class=\"wp-block-image size-large is-resized\"><img loading=\"lazy\" decoding=\"async\" src=\"https:\/\/playaltyria.fr\/wp-content\/uploads\/2021\/12\/Capture-de\u0301cran-2021-12-08-a\u0300-00.39.27-1024x573.png\" alt=\"\" class=\"wp-image-88\" width=\"552\" height=\"309\" srcset=\"https:\/\/playaltyria.fr\/wp-content\/uploads\/2021\/12\/Capture-de\u0301cran-2021-12-08-a\u0300-00.39.27-1024x573.png 1024w, https:\/\/playaltyria.fr\/wp-content\/uploads\/2021\/12\/Capture-de\u0301cran-2021-12-08-a\u0300-00.39.27-300x168.png 300w, https:\/\/playaltyria.fr\/wp-content\/uploads\/2021\/12\/Capture-de\u0301cran-2021-12-08-a\u0300-00.39.27-768x430.png 768w, https:\/\/playaltyria.fr\/wp-content\/uploads\/2021\/12\/Capture-de\u0301cran-2021-12-08-a\u0300-00.39.27-1536x859.png 1536w, https:\/\/playaltyria.fr\/wp-content\/uploads\/2021\/12\/Capture-de\u0301cran-2021-12-08-a\u0300-00.39.27.png 1630w\" sizes=\"auto, (max-width: 552px) 100vw, 552px\" \/><\/figure>\n\n\n\n<h3 class=\"wp-block-heading\">Transfert du fichier \u00ab\u00a0Game\u00a0\u00bb dans le Dossier Applications<\/h3>\n\n\n\n<ul class=\"wp-block-list\">\n<li>Localisez et ouvrez le dossier \u00ab\u00a0Applications\u00a0\u00bb de votre MAC.\n<ul class=\"wp-block-list\">\n<li>Vous pouvez utiliser le raccourci : MAJ + COMMAND + A lorsque vous \u00eates dans le finder<\/li>\n\n\n\n<li>Si cela ne fonctionne pas, reportez-vous \u00e0 ce tutorial : <a href=\"https:\/\/www.1formatik.com\/590\/comment-restaurer-le-dossier-applications-du-finder-mac\">ici<\/a><\/li>\n<\/ul>\n<\/li>\n<\/ul>\n\n\n\n<ul class=\"wp-block-list\">\n<li>Effectuez un <strong>glisser-d\u00e9poser<\/strong> du fichier \u00ab\u00a0Game\u00a0\u00bb dans le dossier \u00ab\u00a0Applications du MAC\u00a0\u00bb (voir capture d&rsquo;\u00e9cran ci-dessous) <\/li>\n<\/ul>\n\n\n\n<figure class=\"wp-block-image size-large is-resized\"><img loading=\"lazy\" decoding=\"async\" src=\"https:\/\/playaltyria.fr\/wp-content\/uploads\/2021\/12\/Capture-de\u0301cran-2021-12-08-a\u0300-00.45.34-1024x566.png\" alt=\"\" class=\"wp-image-89\" width=\"788\" height=\"435\" srcset=\"https:\/\/playaltyria.fr\/wp-content\/uploads\/2021\/12\/Capture-de\u0301cran-2021-12-08-a\u0300-00.45.34-1024x566.png 1024w, https:\/\/playaltyria.fr\/wp-content\/uploads\/2021\/12\/Capture-de\u0301cran-2021-12-08-a\u0300-00.45.34-300x166.png 300w, https:\/\/playaltyria.fr\/wp-content\/uploads\/2021\/12\/Capture-de\u0301cran-2021-12-08-a\u0300-00.45.34-768x425.png 768w, https:\/\/playaltyria.fr\/wp-content\/uploads\/2021\/12\/Capture-de\u0301cran-2021-12-08-a\u0300-00.45.34-1536x849.png 1536w, https:\/\/playaltyria.fr\/wp-content\/uploads\/2021\/12\/Capture-de\u0301cran-2021-12-08-a\u0300-00.45.34-2048x1132.png 2048w, https:\/\/playaltyria.fr\/wp-content\/uploads\/2021\/12\/Capture-de\u0301cran-2021-12-08-a\u0300-00.45.34-1920x1061.png 1920w\" sizes=\"auto, (max-width: 788px) 100vw, 788px\" \/><\/figure>\n\n\n\n<p><\/p>\n\n\n\n<hr class=\"wp-block-separator has-css-opacity\"\/>\n\n\n\n<p>F\u00e9licitations ! <\/p>\n\n\n\n<p>Vous pouvez maintenant double cliquer sur \u00ab\u00a0Game\u00a0\u00bb et MAC devrait lancer les Chroniques d&rsquo;Altyria sans probl\u00e8me.<\/p>\n\n\n\n<p><\/p>\n","protected":false},"excerpt":{"rendered":"<p>\u00c0 lire imp\u00e9rativement La version MAC des Chroniques d&rsquo;Altyria n\u00e9cessite d&rsquo;\u00eatre install\u00e9e d&rsquo;une mani\u00e8re particuli\u00e8re afin de fonctionner correctement. \u26a0 Si vous ne suivez pas les instructions ci-apr\u00e8s, il vous sera impossible de sauvegarder la partie ou m\u00eame d&rsquo;ouvrir le jeu. Instructions d\u00e9taill\u00e9es Lien de t\u00e9l\u00e9chargement Tout d&rsquo;abord, veuillez t\u00e9l\u00e9charger Les Chroniques d&rsquo;Altyria en cliquant&hellip; <br \/> <a class=\"button small blue\" href=\"https:\/\/playaltyria.fr\/index.php\/telechargement-et-instructions-dinstallation-mac\/\">Lire la suite<\/a><\/p>\n","protected":false},"author":1,"featured_media":0,"parent":0,"menu_order":0,"comment_status":"closed","ping_status":"closed","template":"","meta":{"om_disable_all_campaigns":false,"_mi_skip_tracking":false,"footnotes":""},"class_list":["post-87","page","type-page","status-publish","hentry"],"_links":{"self":[{"href":"https:\/\/playaltyria.fr\/index.php\/wp-json\/wp\/v2\/pages\/87","targetHints":{"allow":["GET"]}}],"collection":[{"href":"https:\/\/playaltyria.fr\/index.php\/wp-json\/wp\/v2\/pages"}],"about":[{"href":"https:\/\/playaltyria.fr\/index.php\/wp-json\/wp\/v2\/types\/page"}],"author":[{"embeddable":true,"href":"https:\/\/playaltyria.fr\/index.php\/wp-json\/wp\/v2\/users\/1"}],"replies":[{"embeddable":true,"href":"https:\/\/playaltyria.fr\/index.php\/wp-json\/wp\/v2\/comments?post=87"}],"version-history":[{"count":12,"href":"https:\/\/playaltyria.fr\/index.php\/wp-json\/wp\/v2\/pages\/87\/revisions"}],"predecessor-version":[{"id":151,"href":"https:\/\/playaltyria.fr\/index.php\/wp-json\/wp\/v2\/pages\/87\/revisions\/151"}],"wp:attachment":[{"href":"https:\/\/playaltyria.fr\/index.php\/wp-json\/wp\/v2\/media?parent=87"}],"curies":[{"name":"wp","href":"https:\/\/api.w.org\/{rel}","templated":true}]}}