{"id":11,"date":"2021-12-06T18:10:52","date_gmt":"2021-12-06T17:10:52","guid":{"rendered":"https:\/\/playaltyria.fr\/index.php\/one-page-express\/"},"modified":"2021-12-08T18:04:44","modified_gmt":"2021-12-08T17:04:44","slug":"one-page-express","status":"publish","type":"page","link":"https:\/\/playaltyria.fr\/","title":{"rendered":""},"content":{"rendered":"<div  data-label=\"Content\" data-id=\"content-full-right-image-section\" data-category=\"content\" class=\"content-full-right-image-section\" id=\"content-2\" style=\"background-color: rgb(246, 246, 246);\">\n<div  class=\"content-full-right-image-innerrow\">\n<div  class=\"content-full-right-image-textcol dynamic-color\">\n<div  data-type=\"column\" class=\"\">\n\n<h2  class=\"\">D\u00e9couvrez le monde d\u2019Altyria<\/h2>\n\n\n\n<\/div>\n<div  class=\"content-full-right-image-featuresrow\">\n<div  class=\"content-full-right-image-featurescol\" data-type=\"column\"><a class=\"button blue\" href=\"https:\/\/playaltyria.fr\/index.php\/telecharger-les-chroniques-daltyria\" target=\"_self\" rel=\"noopener\">T\u00e9l\u00e9charger<\/a>\n\n\n\n\n\n\n\n<\/div>\n<div  class=\"content-full-right-image-featurescol\" data-type=\"column\"><a class=\"button blue\" href=\"https:\/\/playaltyria.fr\/index.php\/medias\" target=\"_self\" rel=\"noopener\">D\u00e9couvrir<\/a>\n\n\n\n\n\n\n\n<\/div>\n<\/div>\n<\/div>\n<div  data-bg=\"image\" class=\"content-full-right-image-imgcol\" style=\"background-image: url(&quot;https:\/\/playaltyria.fr\/wp-content\/uploads\/2021\/12\/screen2.png&quot;);\"><\/div>\n<\/div>\n<\/div><div  data-label=\"Call to action\" data-id=\"cta-blue-section\" data-category=\"cta\" class=\"cta-blue-section\" id=\"cta-1\">\n<div  class=\"gridContainer\">\n<div  class=\"flexbox-list flexbox-list-align-center row\">\n<div  class=\"cta-blue-textcol dynamic-color\">\n<h2  class=\"cta-blue-text\"><b >Vous souhaitez contacter les cr\u00e9ateurs du jeu ?<\/b><\/h2>\n<\/div>\n<div  class=\"cta-blue-btncol\"> <a class=\"button big yellow dark-text\" href=\"https:\/\/playaltyria.fr\/index.php\/contact\" target=\"_self\" rel=\"noopener\"> nous contacter <\/a><\/div>\n<\/div>\n<\/div>\n<\/div>","protected":false},"excerpt":{"rendered":"<p>D\u00e9couvrez le monde d\u2019Altyria T\u00e9l\u00e9charger D\u00e9couvrir Vous souhaitez contacter les cr\u00e9ateurs du jeu ? nous contacter<\/p>\n","protected":false},"author":1,"featured_media":0,"parent":0,"menu_order":0,"comment_status":"closed","ping_status":"closed","template":"","meta":{"om_disable_all_campaigns":false,"_mi_skip_tracking":false,"footnotes":""},"class_list":["post-11","page","type-page","status-publish","hentry"],"_links":{"self":[{"href":"https:\/\/playaltyria.fr\/index.php\/wp-json\/wp\/v2\/pages\/11","targetHints":{"allow":["GET"]}}],"collection":[{"href":"https:\/\/playaltyria.fr\/index.php\/wp-json\/wp\/v2\/pages"}],"about":[{"href":"https:\/\/playaltyria.fr\/index.php\/wp-json\/wp\/v2\/types\/page"}],"author":[{"embeddable":true,"href":"https:\/\/playaltyria.fr\/index.php\/wp-json\/wp\/v2\/users\/1"}],"replies":[{"embeddable":true,"href":"https:\/\/playaltyria.fr\/index.php\/wp-json\/wp\/v2\/comments?post=11"}],"version-history":[{"count":8,"href":"https:\/\/playaltyria.fr\/index.php\/wp-json\/wp\/v2\/pages\/11\/revisions"}],"predecessor-version":[{"id":67,"href":"https:\/\/playaltyria.fr\/index.php\/wp-json\/wp\/v2\/pages\/11\/revisions\/67"}],"wp:attachment":[{"href":"https:\/\/playaltyria.fr\/index.php\/wp-json\/wp\/v2\/media?parent=11"}],"curies":[{"name":"wp","href":"https:\/\/api.w.org\/{rel}","templated":true}]}}